{"id":281,"date":"2020-06-23T21:48:05","date_gmt":"2020-06-23T21:48:05","guid":{"rendered":"http:\/\/sk-tierschutz.de\/?page_id=281"},"modified":"2020-06-23T21:48:05","modified_gmt":"2020-06-23T21:48:05","slug":"unsere-katzen","status":"publish","type":"page","link":"https:\/\/sk-tierschutz.de\/?page_id=281","title":{"rendered":"Unsere Katzen"},"content":{"rendered":"\n<div class=\"wp-block-media-text alignwide is-stacked-on-mobile\" style=\"grid-template-columns:27% auto\"><figure class=\"wp-block-media-text__media\"><img loading=\"lazy\" decoding=\"async\" width=\"701\" height=\"701\" src=\"http:\/\/sk-tierschutz.de\/wp-content\/uploads\/2020\/06\/39744961_1111740255659044_1748401600457605120_n-1.jpg\" alt=\"\" class=\"wp-image-284\" srcset=\"https:\/\/sk-tierschutz.de\/wp-content\/uploads\/2020\/06\/39744961_1111740255659044_1748401600457605120_n-1.jpg 701w, https:\/\/sk-tierschutz.de\/wp-content\/uploads\/2020\/06\/39744961_1111740255659044_1748401600457605120_n-1-300x300.jpg 300w, https:\/\/sk-tierschutz.de\/wp-content\/uploads\/2020\/06\/39744961_1111740255659044_1748401600457605120_n-1-150x150.jpg 150w\" sizes=\"auto, (max-width: 701px) 100vw, 701px\" \/><\/figure><div class=\"wp-block-media-text__content\">\n<p class=\"has-large-font-size\">\u2026Text &#8222;unsere Katzen&#8220;\u2026<\/p>\n<\/div><\/div>\n\n\n\n<hr class=\"wp-block-separator\"\/>\n\n\n\n<h2 class=\"wp-block-heading\">Patenschaften:<\/h2>\n\n\n\n<p class=\"has-large-font-size\">Sie k\u00f6nnen keine Katze adoptieren aber m\u00f6chten trotzdem Helfen?<\/p>\n\n\n\n<p class=\"has-large-font-size\"><a href=\"http:\/\/sk-tierschutz.de\/?page_id=269\">Dann werden sie Pate<\/a><\/p>\n\n\n\n<hr class=\"wp-block-separator\"\/>\n\n\n\n<p class=\"has-large-font-size\">Sie m\u00f6chten einer Katze ein liebevolles Zuhause geben?<\/p>\n\n\n\n<p class=\"has-large-font-size\"><a href=\"http:\/\/sk-tierschutz.de\/?page_id=273\">Hier geht es zu den Vermittlungen <\/a><\/p>\n\n\n\n<hr class=\"wp-block-separator\"\/>\n\n\n\n<p class=\"has-large-font-size\">Unsere Lieblinge, die nicht mehr unter uns weilen und \u00fcber die <a href=\"http:\/\/sk-tierschutz.de\/?page_id=277\">Regenbogenbr\u00fccke <\/a>gegangen sind<\/p>\n","protected":false},"excerpt":{"rendered":"<p>\u2026Text &#8222;unsere Katzen&#8220;\u2026 Patenschaften: Sie k\u00f6nnen keine Katze adoptieren aber m\u00f6chten trotzdem Helfen? Dann werden sie Pate Sie m\u00f6chten einer Katze ein liebevolles Zuhause geben? Hier geht es zu den Vermittlungen Unsere Lieblinge, die nicht mehr unter uns weilen und \u00fcber die Regenbogenbr\u00fccke gegangen sind<\/p>\n","protected":false},"author":1,"featured_media":0,"parent":0,"menu_order":0,"comment_status":"closed","ping_status":"closed","template":"","meta":{"footnotes":""},"class_list":["post-281","page","type-page","status-publish","hentry"],"_links":{"self":[{"href":"https:\/\/sk-tierschutz.de\/index.php?rest_route=\/wp\/v2\/pages\/281","targetHints":{"allow":["GET"]}}],"collection":[{"href":"https:\/\/sk-tierschutz.de\/index.php?rest_route=\/wp\/v2\/pages"}],"about":[{"href":"https:\/\/sk-tierschutz.de\/index.php?rest_route=\/wp\/v2\/types\/page"}],"author":[{"embeddable":true,"href":"https:\/\/sk-tierschutz.de\/index.php?rest_route=\/wp\/v2\/users\/1"}],"replies":[{"embeddable":true,"href":"https:\/\/sk-tierschutz.de\/index.php?rest_route=%2Fwp%2Fv2%2Fcomments&post=281"}],"version-history":[{"count":4,"href":"https:\/\/sk-tierschutz.de\/index.php?rest_route=\/wp\/v2\/pages\/281\/revisions"}],"predecessor-version":[{"id":289,"href":"https:\/\/sk-tierschutz.de\/index.php?rest_route=\/wp\/v2\/pages\/281\/revisions\/289"}],"wp:attachment":[{"href":"https:\/\/sk-tierschutz.de\/index.php?rest_route=%2Fwp%2Fv2%2Fmedia&parent=281"}],"curies":[{"name":"wp","href":"https:\/\/api.w.org\/{rel}","templated":true}]}}